{"id":171,"date":"2025-04-22T21:17:34","date_gmt":"2025-04-23T00:17:34","guid":{"rendered":"https:\/\/www.linhaethos.com.br\/app\/?page_id=171"},"modified":"2025-07-10T13:29:07","modified_gmt":"2025-07-10T16:29:07","slug":"recuperar-senha","status":"publish","type":"page","link":"https:\/\/www.linhaethos.com.br\/app\/recuperar-senha\/","title":{"rendered":"Recuperar Senha"},"content":{"rendered":"\t\t<div data-elementor-type=\"wp-page\" data-elementor-id=\"171\" class=\"elementor elementor-171\" data-elementor-post-type=\"page\">\n\t\t\t\t<div class=\"elementor-element elementor-element-07fe7cd e-flex e-con-boxed e-con e-parent\" data-id=\"07fe7cd\" data-element_type=\"container\" data-settings=\"{&quot;background_background&quot;:&quot;classic&quot;,&quot;jet_parallax_layout_list&quot;:[]}\">\n\t\t\t\t\t<div class=\"e-con-inner\">\n\t\t<div class=\"elementor-element elementor-element-63035a0 e-con-full e-flex e-con e-child\" data-id=\"63035a0\" data-element_type=\"container\" data-settings=\"{&quot;background_background&quot;:&quot;classic&quot;,&quot;jet_parallax_layout_list&quot;:[]}\">\n\t\t\t\t<div class=\"elementor-element elementor-element-3622e9e elementor-widget elementor-widget-image\" data-id=\"3622e9e\" data-element_type=\"widget\" data-widget_type=\"image.default\">\n\t\t\t\t<div class=\"elementor-widget-container\">\n\t\t\t\t\t\t\t\t\t\t\t\t\t\t\t<img fetchpriority=\"high\" decoding=\"async\" width=\"768\" height=\"296\" src=\"https:\/\/www.linhaethos.com.br\/app\/wp-content\/uploads\/2025\/04\/logo-linha-ethos_1-768x296.png\" class=\"attachment-medium_large size-medium_large wp-image-72\" alt=\"\" srcset=\"https:\/\/www.linhaethos.com.br\/app\/wp-content\/uploads\/2025\/04\/logo-linha-ethos_1-768x296.png 768w, https:\/\/www.linhaethos.com.br\/app\/wp-content\/uploads\/2025\/04\/logo-linha-ethos_1-300x116.png 300w, https:\/\/www.linhaethos.com.br\/app\/wp-content\/uploads\/2025\/04\/logo-linha-ethos_1.png 1000w\" sizes=\"(max-width: 768px) 100vw, 768px\" \/>\t\t\t\t\t\t\t\t\t\t\t\t\t\t\t<\/div>\n\t\t\t\t<\/div>\n\t\t\t\t<div class=\"elementor-element elementor-element-eb58a4f elementor-widget elementor-widget-heading\" data-id=\"eb58a4f\" data-element_type=\"widget\" data-widget_type=\"heading.default\">\n\t\t\t\t<div class=\"elementor-widget-container\">\n\t\t\t\t\t<h2 class=\"elementor-heading-title elementor-size-default\">Recuperar Senha<\/h2>\t\t\t\t<\/div>\n\t\t\t\t<\/div>\n\t\t\t\t<div class=\"elementor-element elementor-element-9566c69 elementor-widget elementor-widget-text-editor\" data-id=\"9566c69\" data-element_type=\"widget\" data-widget_type=\"text-editor.default\">\n\t\t\t\t<div class=\"elementor-widget-container\">\n\t\t\t\t\t\t\t\t\t<p>Para recuperar sua senha, <strong>insira o endere\u00e7o de e-mail<\/strong> usado no cadastro da sua conta. Voc\u00ea receber\u00e1 um <strong>link para redefinir sua senha<\/strong>.<\/p>\t\t\t\t\t\t\t\t<\/div>\n\t\t\t\t<\/div>\n\t\t\t\t<div class=\"elementor-element elementor-element-f693991 elementor-widget elementor-widget-jet-form-builder-form\" data-id=\"f693991\" data-element_type=\"widget\" data-widget_type=\"jet-form-builder-form.default\">\n\t\t\t\t<div class=\"elementor-widget-container\">\n\t\t\t\t\t<link rel='stylesheet' id='wp-block-library-css' href='https:\/\/www.linhaethos.com.br\/app\/wp-includes\/css\/dist\/block-library\/style.min.css?ver=46b25b7594fb53b7b853c4b373bd5c86' media='all' \/>\n<style id=\"jet-form-builder-173-inline-css\"><\/style><form  class=\"jet-form-builder layout-column submit-type-ajax\" action=\"https:\/\/www.linhaethos.com.br\/app\/wp-json\/wp\/v2\/pages\/171\/?vRISrW=HygglVzqyY&amp;method=reload\" method=\"POST\" data-form-id=\"173\" data-layout=\"column\" enctype=\"multipart\/form-data\" novalidate=\"null\" ssr_validation_method=\"rest\"><input type=\"hidden\" id=\"_wpnonce\" name=\"_wpnonce\" value=\"b5cdb9c43a\" \/><input type=\"hidden\" name=\"_wp_http_referer\" value=\"\/app\/wp-json\/wp\/v2\/pages\/171\" \/>\r\n<input type=\"hidden\" name=\"_jfb_current_render_states[]\" value=\"DEFAULT.STATE\" data-jfb-sync \/><input type=\"hidden\" class=\"jet-form-builder__field hidden-field\" name=\"_jet_engine_booking_form_id\" data-field-name=\"_jet_engine_booking_form_id\" value=\"173\">\n<input type=\"hidden\" class=\"jet-form-builder__field hidden-field\" name=\"_jet_engine_refer\" data-field-name=\"_jet_engine_refer\" value=\"https:\/\/www.linhaethos.com.br\/app\/wp-json\/wp\/v2\/pages\/171\/\">\n<input type=\"hidden\" class=\"jet-form-builder__field hidden-field\" name=\"__queried_post_id\" data-field-name=\"__queried_post_id\" value=\"171\">\n\n<div  class=\"jet-form-builder-row field-type-text-field\" >\n<div class=\"jet-form-builder__label\">\r\n<div class=\"jet-form-builder__label-text\">Email<\/div><\/div><div class=\"jet-form-builder__field-wrap\">\n\t\t\t\t<input name=\"email\" id=\"email\" type=\"text\" data-field-name=\"email\" class=\"jet-form-builder__field text-field\" data-jfb-sync=\"null\" autocomplete=\"off_n9CLXgO4\">\n\t\t\t\t\t<\/div>\n<\/div>\n\n\n<div  class=\"jet-form-builder-row field-type-submit-field\" >\n\t<div data-type=\"submit\" class=\"jet-form-builder__action-button-wrapper jet-form-builder__submit-wrap\">\n\t<button class=\"jet-form-builder__action-button jet-form-builder__submit submit-type-ajax\" type=\"submit\">Enviar Link<\/button>\n\t<\/div>\n\t\n<\/div>\t<div class=\"jet-form-builder-messages-wrap\" data-form-id=\"173\"><\/div>\n<\/form>\n\t\t\t\t<\/div>\n\t\t\t\t<\/div>\n\t\t\t\t<div class=\"elementor-element elementor-element-bcb66db elementor-widget elementor-widget-text-editor\" data-id=\"bcb66db\" data-element_type=\"widget\" data-widget_type=\"text-editor.default\">\n\t\t\t\t<div class=\"elementor-widget-container\">\n\t\t\t\t\t\t\t\t\t<p>Se precisar de mais ajuda<br \/><a href=\"https:\/\/www.linhaethos.com.br\/#contato\" target=\"_blank\" rel=\"noopener\">entre em contato com nossa equipe de suporte<\/a>.<\/p>\t\t\t\t\t\t\t\t<\/div>\n\t\t\t\t<\/div>\n\t\t\t\t<\/div>\n\t\t\t\t\t<\/div>\n\t\t\t\t<\/div>\n\t\t\t\t<\/div>\n\t\t","protected":false},"excerpt":{"rendered":"<p>Recuperar Senha Para recuperar sua senha, insira o endere\u00e7o de e-mail usado no cadastro da sua conta. Voc\u00ea receber\u00e1 um link para redefinir sua senha. Email Enviar Link Se precisar de mais ajudaentre em contato com nossa equipe de suporte.<\/p>\n","protected":false},"author":1,"featured_media":0,"parent":0,"menu_order":0,"comment_status":"closed","ping_status":"closed","template":"","meta":{"footnotes":""},"class_list":["post-171","page","type-page","status-publish","hentry"],"_links":{"self":[{"href":"https:\/\/www.linhaethos.com.br\/app\/wp-json\/wp\/v2\/pages\/171","targetHints":{"allow":["GET"]}}],"collection":[{"href":"https:\/\/www.linhaethos.com.br\/app\/wp-json\/wp\/v2\/pages"}],"about":[{"href":"https:\/\/www.linhaethos.com.br\/app\/wp-json\/wp\/v2\/types\/page"}],"author":[{"embeddable":true,"href":"https:\/\/www.linhaethos.com.br\/app\/wp-json\/wp\/v2\/users\/1"}],"replies":[{"embeddable":true,"href":"https:\/\/www.linhaethos.com.br\/app\/wp-json\/wp\/v2\/comments?post=171"}],"version-history":[{"count":0,"href":"https:\/\/www.linhaethos.com.br\/app\/wp-json\/wp\/v2\/pages\/171\/revisions"}],"wp:attachment":[{"href":"https:\/\/www.linhaethos.com.br\/app\/wp-json\/wp\/v2\/media?parent=171"}],"curies":[{"name":"wp","href":"https:\/\/api.w.org\/{rel}","templated":true}]}}